{"id":8,"date":"2013-12-13T11:08:51","date_gmt":"2013-12-13T10:08:51","guid":{"rendered":"http:\/\/voiceofmatilda.se\/?page_id=8"},"modified":"2025-11-10T08:01:36","modified_gmt":"2025-11-10T07:01:36","slug":"presentation","status":"publish","type":"page","link":"https:\/\/voiceofmatilda.se\/","title":{"rendered":"HEM"},"content":{"rendered":"<figure id=\"attachment_701\" aria-describedby=\"caption-attachment-701\" style=\"width: 185px\" class=\"wp-caption alignleft\"><a href=\"https:\/\/voiceofmatilda.se\/?page_id=557\"><img data-recalc-dims=\"1\" loading=\"lazy\" decoding=\"async\" class=\"wp-image-701\" src=\"https:\/\/i0.wp.com\/voiceofmatilda.se\/wp-content\/uploads\/2023\/11\/Matilda-Orrling-Life-Coach-e1586359851722-266x300-3.jpg?resize=185%2C209&#038;ssl=1\" alt=\"\" width=\"185\" height=\"209\"><\/a><figcaption id=\"caption-attachment-701\" class=\"wp-caption-text\"><em><strong>Livscoach<\/strong><\/em> <span style=\"color: #0000ff;\"><em>L\u00e4s mer<\/em><\/span><\/figcaption><\/figure>\n<figure id=\"attachment_702\" aria-describedby=\"caption-attachment-702\" style=\"width: 230px\" class=\"wp-caption alignleft\"><a href=\"https:\/\/voiceofmatilda.se\/?page_id=30\"><img data-recalc-dims=\"1\" loading=\"lazy\" decoding=\"async\" class=\"wp-image-702\" src=\"https:\/\/i0.wp.com\/voiceofmatilda.se\/wp-content\/uploads\/2023\/11\/Matilda-Orrling-Opera-Singer-scaled-e1586358221834-300x273.jpg?resize=230%2C210&#038;ssl=1\" alt=\"\" width=\"230\" height=\"210\" srcset=\"https:\/\/i0.wp.com\/voiceofmatilda.se\/wp-content\/uploads\/2023\/11\/Matilda-Orrling-Opera-Singer-scaled-e1586358221834.jpg?resize=300%2C273&amp;ssl=1 300w, https:\/\/i0.wp.com\/voiceofmatilda.se\/wp-content\/uploads\/2023\/11\/Matilda-Orrling-Opera-Singer-scaled-e1586358221834.jpg?resize=1024%2C931&amp;ssl=1 1024w, https:\/\/i0.wp.com\/voiceofmatilda.se\/wp-content\/uploads\/2023\/11\/Matilda-Orrling-Opera-Singer-scaled-e1586358221834.jpg?resize=768%2C698&amp;ssl=1 768w, https:\/\/i0.wp.com\/voiceofmatilda.se\/wp-content\/uploads\/2023\/11\/Matilda-Orrling-Opera-Singer-scaled-e1586358221834.jpg?w=1183&amp;ssl=1 1183w\" sizes=\"auto, (max-width: 230px) 100vw, 230px\" \/><\/a><figcaption id=\"caption-attachment-702\" class=\"wp-caption-text\"><em><strong>Opersas\u00e5ngerska <\/strong><span style=\"color: #0000ff;\">L\u00e4s mer<\/span><\/em><\/figcaption><\/figure>\n<figure id=\"attachment_703\" aria-describedby=\"caption-attachment-703\" style=\"width: 206px\" class=\"wp-caption alignleft\"><a href=\"https:\/\/voiceofmatilda.se\/?page_id=307\"><img data-recalc-dims=\"1\" loading=\"lazy\" decoding=\"async\" class=\"wp-image-703\" src=\"https:\/\/i0.wp.com\/voiceofmatilda.se\/wp-content\/uploads\/2023\/11\/Matilda-Orrling-Vocal-Coach-scaled-e1586356513870-292x300.jpg?resize=206%2C212&#038;ssl=1\" alt=\"\" width=\"206\" height=\"212\" srcset=\"https:\/\/i0.wp.com\/voiceofmatilda.se\/wp-content\/uploads\/2023\/11\/Matilda-Orrling-Vocal-Coach-scaled-e1586356513870.jpg?resize=292%2C300&amp;ssl=1 292w, https:\/\/i0.wp.com\/voiceofmatilda.se\/wp-content\/uploads\/2023\/11\/Matilda-Orrling-Vocal-Coach-scaled-e1586356513870.jpg?resize=998%2C1024&amp;ssl=1 998w, https:\/\/i0.wp.com\/voiceofmatilda.se\/wp-content\/uploads\/2023\/11\/Matilda-Orrling-Vocal-Coach-scaled-e1586356513870.jpg?resize=768%2C788&amp;ssl=1 768w, https:\/\/i0.wp.com\/voiceofmatilda.se\/wp-content\/uploads\/2023\/11\/Matilda-Orrling-Vocal-Coach-scaled-e1586356513870.jpg?resize=1497%2C1536&amp;ssl=1 1497w, https:\/\/i0.wp.com\/voiceofmatilda.se\/wp-content\/uploads\/2023\/11\/Matilda-Orrling-Vocal-Coach-scaled-e1586356513870.jpg?w=1696&amp;ssl=1 1696w\" sizes=\"auto, (max-width: 206px) 100vw, 206px\" \/><\/a><figcaption id=\"caption-attachment-703\" class=\"wp-caption-text\"><em><strong>S\u00e5ngcoach <\/strong><span style=\"color: #0000ff;\">L\u00e4s mer<\/span><\/em><\/figcaption><\/figure>\n<p>&nbsp;<\/p>\n<p>&nbsp;<\/p>\n<p><span style=\"color: #ffffff;\">&nbsp;&#8211; <\/span><\/p>\n<p>&nbsp;<\/p>\n<p>&nbsp;<\/p>\n<p>&nbsp;<\/p>\n<p>&nbsp;<\/p>\n<p><strong><em>&#x2764; Matilda b\u00f6rjade sjunga i kyrkans barnk\u00f6r och ta pianolektioner redan som sju\u00e5ring. Hon best\u00e4mde sig f\u00f6r en s\u00e5ngarbana efter gymnasiet och gick tv\u00e5 \u00e5r f\u00f6rberedande f\u00f6r h\u00f6gskolestudier. Matilda har studerat p\u00e5 universitet i Kanada och flera h\u00f6gskolor i Sverige. Hon har en kandidatexamen i Kammarmusik fr\u00e5n M\u00e4lardalens H\u00f6gskola. Med m\u00e5nga olika engagemang \u00e4r Matilda en efterfr\u00e5gad solist med gedigen repertoar.<\/em><\/strong><\/p>\n<p><em><strong>&#x1f499; Matilda har \u00e4ven stor erfarenhet som s\u00e5ngpedagog d\u00e5 hon har gett privata elever s\u00e5nglektioner i s\u00e5ngteknik i \u00f6ver 25 \u00e5r. Om du \u00e4r intresserad av ta lektioner s\u00e5 \u00e4r det bara att ringa eller maila.&nbsp;<\/strong><\/em><\/p>\n<p><strong><em>&#x1f49a; Matilda har under l\u00e5ng tid varit intresserad av att hj\u00e4lpa m\u00e4nniskor m\u00e5 b\u00e4ttre och nu har hon byggt p\u00e5 sina kunskaper med en coachutbildning. Numera \u00e4r hon certifierad livscoach.<\/em><\/strong><\/p>\n<p>&nbsp;<\/p>\n<p><strong>Operas\u00e5ngerska<\/strong><\/p>\n<blockquote><p><em>Strax stiger Matildas r\u00f6st under valven, f\u00e5ngas av rummets klang. Jag f\u00e5ngas ocks\u00e5, sm\u00e4lter; r\u00f6sten \u00e4r underbart mjuk, samtidigt klar. Uttrycksfull och behaglig p\u00e5 samma g\u00e5ng och i perfekt samklang med Nymarks f\u00f6ljsamma ackompanjemang.<\/em><\/p><\/blockquote>\n<p><em>Camilla Dal, 2 July 2010 Gefle Dagblad<\/em><\/p>\n<p><strong>Livscoaching<\/strong><\/p>\n<blockquote><p><em>Innan jag oachades av Matilda k\u00e4ndes det som att jag jobbade hela tiden och tj\u00e4nade f\u00f6r lite. Nu jobbar jag mindre och tj\u00e4nar mer. Har nu en b\u00e4ttre balans mellan arbete och fritid.<\/em><\/p><\/blockquote>\n<p>&nbsp;<em>Cissi, Haridresser. Egenf\u00f6retagare<\/em><\/p>\n<div class=\"tg-one-half tg-one-half-last\">\n<section id=\"spacious_testimonial_widget-4\" class=\"widget widget_testimonial clearfix\">\n<div class=\"testimonial-widget\">\n<div class=\"testimonial-details\">\n<div class=\"testimonial-author\" style=\"text-align: left;\"><span style=\"color: #ffffff;\">&#8211; &#8211; &#8211; &#8211; &#8211; &#8211; &#8211; &#8211; &#8211; &#8211; &#8211; &#8211; &#8211; &#8211; &#8211; &#8211; &#8211; &#8211; &#8211;<\/span><\/div>\n<\/div>\n<\/div>\n<\/section>\n<\/div>\n<p><span style=\"color: #ffffff;\"><em>S\u00e5ngcoach, S\u00e5ngcoach i G\u00e4vle, Sopran i G\u00e4vle, operas\u00e5ngerska i G\u00e4vle, s\u00e5ngelever i G\u00e4vle, s\u00e5ngpedagog i G\u00e4vle, s\u00e5ngteknik i G\u00e4vle, andningsteknik i G\u00e4vle, s\u00e5ng till begravning i G\u00e4vle, s\u00e5ng till br\u00f6llop i G\u00e4vle, f\u00f6retagsevent i G\u00e4vle, s\u00e5ng till festen i G\u00e4vle, Livscoach, Life coach, certifierad livscoach&nbsp;<\/em><\/span><\/p>\n<p><span style=\"color: #ffffff;\">&nbsp;&#8211; &#8211; &#8211; &#8211; &#8211; &#8211; &#8211; &#8211; &#8211; &#8211; &#8211; &#8211; &#8211; &#8211; &#8211; &#8211; &#8211;<\/span><\/p>\n","protected":false},"excerpt":{"rendered":"<p>&nbsp; &nbsp; &nbsp;&#8211; &nbsp; &nbsp; &nbsp; &nbsp; &#x2764; Matilda b\u00f6rjade sjunga i kyrkans barnk\u00f6r och ta pianolektioner redan som sju\u00e5ring. Hon best\u00e4mde sig f\u00f6r en s\u00e5ngarbana efter gymnasiet och gick tv\u00e5 \u00e5r f\u00f6rberedande f\u00f6r h\u00f6gskolestudier. Matilda har studerat p\u00e5 universitet<\/p>\n","protected":false},"author":1,"featured_media":0,"parent":0,"menu_order":0,"comment_status":"closed","ping_status":"closed","template":"","meta":{"ngg_post_thumbnail":0,"footnotes":""},"class_list":["post-8","page","type-page","status-publish","hentry"],"jetpack_sharing_enabled":true,"jetpack_shortlink":"https:\/\/wp.me\/Pag5iu-8","_links":{"self":[{"href":"https:\/\/voiceofmatilda.se\/index.php?rest_route=\/wp\/v2\/pages\/8","targetHints":{"allow":["GET"]}}],"collection":[{"href":"https:\/\/voiceofmatilda.se\/index.php?rest_route=\/wp\/v2\/pages"}],"about":[{"href":"https:\/\/voiceofmatilda.se\/index.php?rest_route=\/wp\/v2\/types\/page"}],"author":[{"embeddable":true,"href":"https:\/\/voiceofmatilda.se\/index.php?rest_route=\/wp\/v2\/users\/1"}],"replies":[{"embeddable":true,"href":"https:\/\/voiceofmatilda.se\/index.php?rest_route=%2Fwp%2Fv2%2Fcomments&post=8"}],"version-history":[{"count":141,"href":"https:\/\/voiceofmatilda.se\/index.php?rest_route=\/wp\/v2\/pages\/8\/revisions"}],"predecessor-version":[{"id":805,"href":"https:\/\/voiceofmatilda.se\/index.php?rest_route=\/wp\/v2\/pages\/8\/revisions\/805"}],"wp:attachment":[{"href":"https:\/\/voiceofmatilda.se\/index.php?rest_route=%2Fwp%2Fv2%2Fmedia&parent=8"}],"curies":[{"name":"wp","href":"https:\/\/api.w.org\/{rel}","templated":true}]}}