{"id":371,"date":"2019-05-05T11:00:25","date_gmt":"2019-05-05T09:00:25","guid":{"rendered":"http:\/\/voiceofmatilda.se\/?page_id=371"},"modified":"2023-11-06T13:09:12","modified_gmt":"2023-11-06T12:09:12","slug":"livscoach","status":"publish","type":"page","link":"https:\/\/voiceofmatilda.se\/?page_id=371","title":{"rendered":"LIVSCOACH"},"content":{"rendered":"<p><span style=\"color: #000000;\"><em>Matilda har under l\u00e5ng tid varit intresserad av att hj\u00e4lpa m\u00e4nniskor m\u00e5 b\u00e4ttre och nu har hon byggt p\u00e5 sina kunskaper med en coachutbildning. Det \u00e4r genom Quantum Success Coach Academy i USA d\u00e4r hon under ett \u00e5r har studerat med Christy Whitman f\u00f6r att bli certifierad livscoach.<\/em><\/span><\/p>\n<p><span style=\"color: #000000;\"><em><a style=\"color: #000000;\" href=\"https:\/\/i0.wp.com\/voiceofmatilda.se\/wp-content\/uploads\/2020\/02\/Quantumlogo.jpg?ssl=1\"><img data-recalc-dims=\"1\" loading=\"lazy\" decoding=\"async\" class=\"wp-image-464 aligncenter\" src=\"https:\/\/i0.wp.com\/voiceofmatilda.se\/wp-content\/uploads\/2020\/02\/Quantumlogo.jpg?resize=175%2C138&#038;ssl=1\" alt=\"\" width=\"175\" height=\"138\" srcset=\"https:\/\/i0.wp.com\/voiceofmatilda.se\/wp-content\/uploads\/2020\/02\/Quantumlogo.jpg?resize=300%2C237&amp;ssl=1 300w, https:\/\/i0.wp.com\/voiceofmatilda.se\/wp-content\/uploads\/2020\/02\/Quantumlogo.jpg?resize=768%2C606&amp;ssl=1 768w, https:\/\/i0.wp.com\/voiceofmatilda.se\/wp-content\/uploads\/2020\/02\/Quantumlogo.jpg?w=809&amp;ssl=1 809w\" sizes=\"auto, (max-width: 175px) 100vw, 175px\" \/><\/a><\/em><\/span><\/p>\n<p><span style=\"color: #000000;\"><em>Om du har n\u00e5got som du skulle vilja f\u00f6rb\u00e4ttra i ditt liv som din ekonomi, h\u00e4lsa eller att hitta en partner s\u00e5 kan Matilda hj\u00e4lpa dig.<\/em><\/span><\/p>\n<p><span style=\"color: #000000;\"><strong>Priser: <\/strong>800 kr\/session.&nbsp;<em>Paketerbjudande: 3600 kr f\u00f6r 5 sessioner, 7000 kr f\u00f6r 10 sessioner.<\/em><\/span><\/p>\n<p>&nbsp;<\/p>\n","protected":false},"excerpt":{"rendered":"<p>Matilda har under l\u00e5ng tid varit intresserad av att hj\u00e4lpa m\u00e4nniskor m\u00e5 b\u00e4ttre och nu har hon byggt p\u00e5 sina kunskaper med en coachutbildning. Det \u00e4r genom Quantum Success Coach Academy i USA d\u00e4r hon under ett \u00e5r har studerat<\/p>\n","protected":false},"author":1,"featured_media":0,"parent":0,"menu_order":2,"comment_status":"closed","ping_status":"closed","template":"","meta":{"ngg_post_thumbnail":0,"footnotes":""},"class_list":["post-371","page","type-page","status-publish","hentry"],"jetpack_sharing_enabled":true,"jetpack_shortlink":"https:\/\/wp.me\/Pag5iu-5Z","_links":{"self":[{"href":"https:\/\/voiceofmatilda.se\/index.php?rest_route=\/wp\/v2\/pages\/371","targetHints":{"allow":["GET"]}}],"collection":[{"href":"https:\/\/voiceofmatilda.se\/index.php?rest_route=\/wp\/v2\/pages"}],"about":[{"href":"https:\/\/voiceofmatilda.se\/index.php?rest_route=\/wp\/v2\/types\/page"}],"author":[{"embeddable":true,"href":"https:\/\/voiceofmatilda.se\/index.php?rest_route=\/wp\/v2\/users\/1"}],"replies":[{"embeddable":true,"href":"https:\/\/voiceofmatilda.se\/index.php?rest_route=%2Fwp%2Fv2%2Fcomments&post=371"}],"version-history":[{"count":14,"href":"https:\/\/voiceofmatilda.se\/index.php?rest_route=\/wp\/v2\/pages\/371\/revisions"}],"predecessor-version":[{"id":676,"href":"https:\/\/voiceofmatilda.se\/index.php?rest_route=\/wp\/v2\/pages\/371\/revisions\/676"}],"wp:attachment":[{"href":"https:\/\/voiceofmatilda.se\/index.php?rest_route=%2Fwp%2Fv2%2Fmedia&parent=371"}],"curies":[{"name":"wp","href":"https:\/\/api.w.org\/{rel}","templated":true}]}}