{"id":307,"date":"2018-02-08T15:41:32","date_gmt":"2018-02-08T14:41:32","guid":{"rendered":"http:\/\/voiceofmatilda.se\/?page_id=307"},"modified":"2023-12-06T16:38:40","modified_gmt":"2023-12-06T15:38:40","slug":"sanglektioner","status":"publish","type":"page","link":"https:\/\/voiceofmatilda.se\/?page_id=307","title":{"rendered":"S\u00c5NGCOACH"},"content":{"rendered":"<p><em><strong>Matilda har \u00e4ven stor erfarenhet som s\u00e5ngpedagog d\u00e5 hon har gett privata elever s\u00e5nglektioner i s\u00e5ngteknik i \u00f6ver 25 \u00e5r. Om du \u00e4r intresserad av ta lektioner s\u00e5 \u00e4r det bara att ringa eller maila. Matilda ger s\u00e5nglektioner i sin studio i Hedesunda och \u00e4ven \u00f6ver n\u00e4tet (messenger, facetime etc) .<\/strong><\/em><\/p>\n<p>&nbsp;<\/p>\n<p><span style=\"color: #000000;\">N\u00e4r du tar s\u00e5nglektioner s\u00e5 skr\u00e4ddarsyr jag undervisningen efter dina behov. Vi jobbar med andning, st\u00f6d, frasering, placering av tonen mm. Jag hj\u00e4lper dig att hitta din personliga klang och sjunga p\u00e5 ett avslappnat och behagligt s\u00e4tt. Min teori \u00e4r att:<\/span><\/p>\n<blockquote><p><span style=\"color: #000000;\">Om du k\u00e4nner dig bekv\u00e4m med dig sj\u00e4lv och din r\u00f6st s\u00e5 kommer du att sjunga bra. Jag hj\u00e4lper dig genom avslappningstekniker och att hitta in\u00e5t i din kropp f\u00f6r att f\u00e5 en samklang med sj\u00e4len.<\/span><\/p><\/blockquote>\n<p><span style=\"color: #000000;\"><br \/>\n<em>50 min lektion 600 kr\/st<\/em><br \/>\n<em>Paket 5 lektioner 2700 kr<\/em><\/span><\/p>\n","protected":false},"excerpt":{"rendered":"<p>Matilda har \u00e4ven stor erfarenhet som s\u00e5ngpedagog d\u00e5 hon har gett privata elever s\u00e5nglektioner i s\u00e5ngteknik i \u00f6ver 25 \u00e5r. Om du \u00e4r intresserad av ta lektioner s\u00e5 \u00e4r det bara att ringa eller maila. Matilda ger s\u00e5nglektioner i sin<\/p>\n","protected":false},"author":1,"featured_media":0,"parent":0,"menu_order":1,"comment_status":"closed","ping_status":"closed","template":"","meta":{"ngg_post_thumbnail":0,"footnotes":""},"class_list":["post-307","page","type-page","status-publish","hentry"],"jetpack_sharing_enabled":true,"jetpack_shortlink":"https:\/\/wp.me\/Pag5iu-4X","_links":{"self":[{"href":"https:\/\/voiceofmatilda.se\/index.php?rest_route=\/wp\/v2\/pages\/307","targetHints":{"allow":["GET"]}}],"collection":[{"href":"https:\/\/voiceofmatilda.se\/index.php?rest_route=\/wp\/v2\/pages"}],"about":[{"href":"https:\/\/voiceofmatilda.se\/index.php?rest_route=\/wp\/v2\/types\/page"}],"author":[{"embeddable":true,"href":"https:\/\/voiceofmatilda.se\/index.php?rest_route=\/wp\/v2\/users\/1"}],"replies":[{"embeddable":true,"href":"https:\/\/voiceofmatilda.se\/index.php?rest_route=%2Fwp%2Fv2%2Fcomments&post=307"}],"version-history":[{"count":15,"href":"https:\/\/voiceofmatilda.se\/index.php?rest_route=\/wp\/v2\/pages\/307\/revisions"}],"predecessor-version":[{"id":738,"href":"https:\/\/voiceofmatilda.se\/index.php?rest_route=\/wp\/v2\/pages\/307\/revisions\/738"}],"wp:attachment":[{"href":"https:\/\/voiceofmatilda.se\/index.php?rest_route=%2Fwp%2Fv2%2Fmedia&parent=307"}],"curies":[{"name":"wp","href":"https:\/\/api.w.org\/{rel}","templated":true}]}}