{"id":30,"date":"2013-12-13T13:23:51","date_gmt":"2013-12-13T12:23:51","guid":{"rendered":"http:\/\/voiceofmatilda.se\/?page_id=30"},"modified":"2023-11-02T19:30:53","modified_gmt":"2023-11-02T18:30:53","slug":"reportoar","status":"publish","type":"page","link":"https:\/\/voiceofmatilda.se\/?page_id=30","title":{"rendered":"OPERAS\u00c5NGERSKA"},"content":{"rendered":"<p><span style=\"color: #000000;\"><em>Matilda b\u00f6rjade sjunga i kyrkans barnk\u00f6r och ta pianolektioner redan som sju\u00e5ring. Hon best\u00e4mde sig f\u00f6r en s\u00e5ngarbana efter gymnasiet och gick tv\u00e5 \u00e5r f\u00f6rberedande f\u00f6r h\u00f6gskolestudier. Matilda har studerat p\u00e5 universitet i Kanada och flera h\u00f6gskolor i Sverige. Hon har en kandidatexamen i Kammarmusik fr\u00e5n M\u00e4lardalens H\u00f6gskola. Med m\u00e5nga olika engagemang \u00e4r Matilda en efterfr\u00e5gad solist med gedigen repertoar.<\/em><\/span><\/p>\n<p>&nbsp;<\/p>\n<p><span style=\"color: #000000;\"><b>Operaroller<\/b><\/span><br \/>\n<span style=\"color: #000000;\"> Adina i K\u00e4rleksdrycken av Donizetti<\/span><br \/>\n<span style=\"color: #000000;\"> Floria i Tosca av Puccini<\/span><br \/>\n<span style=\"color: #000000;\"> Michaela i Carmen av Bizet<\/span><br \/>\n<span style=\"color: #000000;\"> Mimi i La Boh\u00e8me av Puccini<\/span><br \/>\n<span style=\"color: #000000;\"> Greta i Hans och Greta av Humperdinck<\/span><\/p>\n<p><span style=\"color: #000000;\"><b>Operettroller<\/b><\/span><br \/>\n<span style=\"color: #000000;\"> Rosalinde och Adele i L\u00e4derlappen av Strauss<\/span><br \/>\n<span style=\"color: #000000;\"> Stasi i Csardasfurstinnan av K\u00e1lm\u00e1n<\/span><br \/>\n<span style=\"color: #000000;\"> Polly i Tolvskillingsoperan av Brecht<\/span><\/p>\n<p><span style=\"color: #000000;\"><b>F\u00c4RDIGA KONSERTPROGRAM<\/b><\/span><br \/>\n<span style=\"color: #000000;\"> Romans och operakonsert<\/span><\/p>\n<p><span style=\"color: #000000;\"><b><span style=\"text-decoration: underline;\">Sibelius<\/span><\/b><\/span><br \/>\n<span style=\"color: #000000;\"> Svarta Rosor<\/span><br \/>\n<span style=\"color: #000000;\"> S\u00e4f s\u00e4f susa<\/span><br \/>\n<span style=\"color: #000000;\"> Demanten p\u00e5 marssn\u00f6n<\/span><br \/>\n<span style=\"color: #000000;\"> Den f\u00f6rsta kyssen<\/span><br \/>\n<span style=\"color: #000000;\"> Var det en dr\u00f6m<\/span><br \/>\n<span style=\"color: #000000;\"> Flickan kom<\/span><\/p>\n<p><span style=\"color: #000000; text-decoration: underline;\"><strong>Puccini<\/strong><\/span><br \/>\n<span style=\"color: #000000;\"> Vissi d&#8217;arte<\/span><br \/>\n<span style=\"color: #000000;\"> Un bel di vedremo<\/span><\/p>\n<p><span style=\"color: #000000;\"><b><span style=\"text-decoration: underline;\">Verdi<\/span><\/b><span style=\"text-decoration: underline;\"><br \/>\n<\/span>Pace mio dio<\/span><br \/>\n<span style=\"color: #000000;\"> O Patria mia<\/span><\/p>\n<p><span style=\"color: #000000;\"><b>BR\u00d6LLOP<\/b><\/span><br \/>\n<span style=\"color: #000000;\"> H\u00e4r \u00e4r n\u00e5gra f\u00f6rslag p\u00e5 vad Matilda sjunger p\u00e5 br\u00f6llop.<\/span><br \/>\n<span style=\"color: #000000;\"> Du kan naturligtvis komma med egna \u00f6nskem\u00e5l.<\/span><\/p>\n<p><span style=\"color: #000000;\">Det vackraste<\/span><br \/>\n<span style=\"color: #000000;\"> K\u00e4rleken f\u00f6rde oss samman<\/span><br \/>\n<span style=\"color: #000000;\"> Ave Maria- Bach\/Gounod<\/span><br \/>\n<span style=\"color: #000000;\"> Ave Maria- Schubert<\/span><br \/>\n<span style=\"color: #000000;\"> \u00d6ppna din d\u00f6rr<\/span><br \/>\n<span style=\"color: #000000;\"> S\u00e5 skimrande var aldrig havet I folkviseton<\/span><br \/>\n<span style=\"color: #000000;\"> K\u00e4rleken kommer k\u00e4rleken g\u00e5r<\/span><br \/>\n<span style=\"color: #000000;\"> Lascha chio pianga- H\u00e4ndel<\/span><\/p>\n<p><span style=\"color: #000000;\"><b>BEGRAVNING<\/b><\/span><br \/>\n<span style=\"color: #000000;\"> H\u00e4r \u00e4r n\u00e5gra f\u00f6rslag p\u00e5 vad Matilda sjunger p\u00e5 begravning.<\/span><br \/>\n<span style=\"color: #000000;\"> Du kan naturligtvis komma med egna \u00f6nskem\u00e5l.<\/span><\/p>\n<p><span style=\"color: #000000;\">Lascia chio pianga-H\u00e4ndel<\/span><br \/>\n<span style=\"color: #000000;\"> Pie Jesu<\/span><br \/>\n<span style=\"color: #000000;\"> Dagen \u00e4r n\u00e4ra<\/span><br \/>\n<span style=\"color: #000000;\"> D\u00e4r rosor aldrig d\u00f6r<\/span><br \/>\n<span style=\"color: #000000;\"> Jag har h\u00f6rt om en stad ovan molnen<\/span><br \/>\n<span style=\"color: #000000;\"> H\u00e4rlig \u00e4r jorden<\/span><\/p>\n<p><span style=\"color: #000000;\"><b>DOP<\/b><\/span><br \/>\n<span style=\"color: #000000;\"> H\u00e4r \u00e4r n\u00e5gra f\u00f6rslag p\u00e5 vad Matilda sjunger p\u00e5 dop.<\/span><br \/>\n<span style=\"color: #000000;\"> Du kan naturligtvis komma med egna \u00f6nskem\u00e5l.<\/span><\/p>\n<p><span style=\"color: #000000;\">Majas visa<\/span><br \/>\n<span style=\"color: #000000;\"> Jag lyfter \u00f6gat mot himmelen<\/span><\/p>\n<p><span style=\"color: #000000;\"><b>FEST<\/b><\/span><br \/>\n<span style=\"color: #000000;\"> Varf\u00f6r inte \u00f6verraska n\u00e5gon som fyller \u00e5r med ett operaframtr\u00e4dande?<\/span><br \/>\n<span style=\"color: #000000;\"> Matilda sjunger m\u00e5nga arior som \u00e4r uppskattade festnummer.<\/span><br \/>\n<span style=\"color: #000000;\"> Vill ni ha flera som sjunger g\u00e5r det att s\u00e4tta ihop ensembler med andra s\u00e5ngare ocks\u00e5.<\/span><\/p>\n<p><span style=\"color: #000000;\"><strong>F\u00d6RETAGSEVENT<\/strong><\/span><br \/>\n<span style=\"color: #000000;\"> Vill du ge din personal en speciell upplevelse ut\u00f6ver det vanliga. Inom musiken ryms mycket! Andningsteknik, rytmik och s\u00e5ngteknik etc.<\/span><\/p>\n","protected":false},"excerpt":{"rendered":"<p>Matilda b\u00f6rjade sjunga i kyrkans barnk\u00f6r och ta pianolektioner redan som sju\u00e5ring. Hon best\u00e4mde sig f\u00f6r en s\u00e5ngarbana efter gymnasiet och gick tv\u00e5 \u00e5r f\u00f6rberedande f\u00f6r h\u00f6gskolestudier. Matilda har studerat p\u00e5 universitet i Kanada och flera h\u00f6gskolor i Sverige. Hon<\/p>\n","protected":false},"author":1,"featured_media":0,"parent":0,"menu_order":3,"comment_status":"closed","ping_status":"closed","template":"","meta":{"ngg_post_thumbnail":0,"footnotes":""},"class_list":["post-30","page","type-page","status-publish","hentry"],"jetpack_sharing_enabled":true,"jetpack_shortlink":"https:\/\/wp.me\/Pag5iu-u","_links":{"self":[{"href":"https:\/\/voiceofmatilda.se\/index.php?rest_route=\/wp\/v2\/pages\/30","targetHints":{"allow":["GET"]}}],"collection":[{"href":"https:\/\/voiceofmatilda.se\/index.php?rest_route=\/wp\/v2\/pages"}],"about":[{"href":"https:\/\/voiceofmatilda.se\/index.php?rest_route=\/wp\/v2\/types\/page"}],"author":[{"embeddable":true,"href":"https:\/\/voiceofmatilda.se\/index.php?rest_route=\/wp\/v2\/users\/1"}],"replies":[{"embeddable":true,"href":"https:\/\/voiceofmatilda.se\/index.php?rest_route=%2Fwp%2Fv2%2Fcomments&post=30"}],"version-history":[{"count":13,"href":"https:\/\/voiceofmatilda.se\/index.php?rest_route=\/wp\/v2\/pages\/30\/revisions"}],"predecessor-version":[{"id":678,"href":"https:\/\/voiceofmatilda.se\/index.php?rest_route=\/wp\/v2\/pages\/30\/revisions\/678"}],"wp:attachment":[{"href":"https:\/\/voiceofmatilda.se\/index.php?rest_route=%2Fwp%2Fv2%2Fmedia&parent=30"}],"curies":[{"name":"wp","href":"https:\/\/api.w.org\/{rel}","templated":true}]}}